{"id":428,"date":"2024-11-09T23:07:27","date_gmt":"2024-11-09T22:07:27","guid":{"rendered":"https:\/\/vvnia.nl\/wordpress\/?page_id=428"},"modified":"2026-03-04T15:09:01","modified_gmt":"2026-03-04T14:09:01","slug":"vvnia-goekoopbeurs","status":"publish","type":"page","link":"https:\/\/vvnia.nl\/wordpress\/vvnia-goekoopbeurs\/","title":{"rendered":"VVNIA-Goekoopbeurs"},"content":{"rendered":"\n<p><\/p>\n\n\n\n<div class=\"wp-block-columns alignwide is-layout-flex wp-container-core-columns-is-layout-9a01b68c wp-block-columns-is-layout-flex\">\n<div class=\"wp-block-column is-layout-flow wp-block-column-is-layout-flow\" style=\"flex-basis:60%\">\n<h2 class=\"wp-block-heading\">De beurs en de naam<\/h2>\n\n\n\n<p>De VVNIA (Vereniging van Vrienden van het NIA) stelt jaarlijks \u00e9\u00e9n \u00e0 twee beurzen ter beschikking voor onderzoek op het gebied van de Griekse oudheid (archeologie, epigrafie, oude geschiedenis en filologie, of een combinatie van deze vakgebieden). De beurs biedt een gratis verblijf in een van de gastenkamers van het NIA, een maandelijkse toelage van \u20ac 400,- en een tegemoetkoming in de reiskosten van maximaal \u20ac 200,-. De maximale duur is drie maanden. Aanvragers worden geacht lid van de VVNIA te zijn of te worden.<\/p>\n\n\n\n<p>Deze VVNIA-Goekoopbeurs is bedoeld voor researchmasterstudenten, promovendi en postdocs die verbonden zijn aan de Radboud Universiteit Nijmegen, de Rijksuniversiteit Groningen, de Universiteit Leiden, \u00a0de Universiteit Utrecht, de Universiteit van Amsterdam of de Vrije Universiteit Amsterdam. Voor promovendi en postdocs kan het gaan om een huidig dienstverband of een dienstverband dat recent is be\u00ebindigd. Externe promovendi komen eveneens in aanmerking, mits er een duidelijke band bestaat met een van deze universiteiten.<\/p>\n\n\n\n<p>Een aanvraag voor een VVNIA-Goekoopbeurs kan tweemaal per jaar (deadlines 1 februari en 1 oktober) worden ingediend via het online-formulier op de&nbsp;<a href=\"https:\/\/nia.gr\/nl\/studiebeurzen\/\">website van het NIA<\/a>. Aanvragen worden beoordeeld door de directeur van het NIA op de hierboven geformuleerde criteria en in overleg met de VVNIA ter beoordeling doorgestuurd aan de Wetenschappelijke Adviesraad (WAR). Kandidaten krijgen uiterlijk \u00e9\u00e9n week na de beoordeling door de WAR bericht of de aanvraag is gehonoreerd.<\/p>\n\n\n\n<p>Van de beursalen wordt gevraagd na het voltooien van het onderzoek naast een presentatie en verslag van het onderzoek voor het NIA ook een bijdrage te leveren voor de VVNIA in de vorm van een lezing op een bijeenkomst van de VVNIA en\/of een artikel voor de nieuwsbrief Athena.<\/p>\n\n\n\n<h2 class=\"wp-block-heading\">Cees Goekoop<\/h2>\n\n\n\n<figure class=\"wp-block-image alignleft size-large is-resized has-custom-border is-style-rounded is-style-rounded--1\" style=\"margin-top:var(--wp--preset--spacing--10);margin-right:var(--wp--preset--spacing--20);margin-bottom:var(--wp--preset--spacing--10)\"><img loading=\"lazy\" decoding=\"async\" width=\"750\" height=\"1024\" src=\"https:\/\/vvnia.nl\/wordpress\/wp-content\/uploads\/2024\/10\/Goekoop_CH-750x1024.jpg\" alt=\"Portretfoto van Cees Goekoop\" class=\"wp-image-103\" style=\"border-radius:20px;width:200px;height:auto\" srcset=\"https:\/\/vvnia.nl\/wordpress\/wp-content\/uploads\/2024\/10\/Goekoop_CH-750x1024.jpg 750w, https:\/\/vvnia.nl\/wordpress\/wp-content\/uploads\/2024\/10\/Goekoop_CH-220x300.jpg 220w, https:\/\/vvnia.nl\/wordpress\/wp-content\/uploads\/2024\/10\/Goekoop_CH-768x1049.jpg 768w, https:\/\/vvnia.nl\/wordpress\/wp-content\/uploads\/2024\/10\/Goekoop_CH.jpg 964w\" sizes=\"auto, (max-width: 750px) 100vw, 750px\" \/><\/figure>\n\n\n\n<p>De VVNIA-Goekoopbeurs is genoemd naar medeoprichter en oud-voorzitter van de VVNIA, Cees Goekoop. Hij studeerde rechten in Leiden en werd later burgemeester van deze stad. Daarnaast zette hij zich in als bestuurder bij vele culturele instellingen. Zo was hij nauw betrokken bij de oprichting van de VVNIA in maart 1991 en was hij daarvan 15 jaar voorzitter (1991-2006).<\/p>\n\n\n\n<p>Van zijn vele interesses springen er twee uit in het kader van de Griekse Oudheid: zijn passie voor zeezeilen rond de Griekse eilanden en zijn interesse in archeologie, in het bijzonder in het Homerische Ithaka, waarmee hij in de voetsporen trad van zijn grootvader Adriaan Goekoop, amateurarcheoloog en schrijver van <em>\u2018Ithaque la grande\u2019.<\/em><\/p>\n\n\n\n<p>Deze twee interesses kon hij uitstekend combineren in de zeiltochten langs de Ionische eilanden, op zoek naar het Ithaka van Homerus. Hij schreef er twee boeken over. In het eerste,&nbsp;<em>Op zoek naar Ithaka&nbsp;<\/em>(1990)<em>,<\/em>&nbsp;presenteert hij een overzicht van eerder onderzoek naar het Homerische Ithaka. Tevens zet hij aan de hand van een groot aantal passages uit de Odyssee van Homeros zijn eigen idee\u00ebn uiteen over de mogelijke locatie van het Homerische Ithaka. In 2003 verscheen van zijn hand ook&nbsp;<em>Homerus \u2013 een raadsel. Een zoektocht door het Homerische landschap<\/em>.<\/p>\n\n\n\n<p>Vanwege zijn verdiensten voor de VVNIA en voor de Griekse Oudheid in bredere zin heeft de algemene ledenvergadering van 2015 besloten de VVNIA-beurs naar hem te vernoemen.<\/p>\n<\/div>\n\n\n\n<div class=\"wp-block-column is-layout-flow wp-block-column-is-layout-flow\" style=\"flex-basis:40%\">\n<h2 class=\"wp-block-heading has-x-large-font-size\">Bursalen<\/h2>\n\n\n<ul class=\"wp-block-latest-posts__list wp-block-latest-posts\"><li><a class=\"wp-block-latest-posts__post-title\" href=\"https:\/\/vvnia.nl\/wordpress\/2025-2\/\">2025<\/a><div class=\"wp-block-latest-posts__post-excerpt\">In 2025 is een Goekoopbeurs toegekend aan dr. Giacomo Scavello voor zijn onderzoek \u2018Greek Tragedy and Philosophy: Sophocles on forgiveness and ecology\u2019. Zijn onderzoek zal plaatsvinden in 2026.<\/div><\/li>\n<li><a class=\"wp-block-latest-posts__post-title\" href=\"https:\/\/vvnia.nl\/wordpress\/2024-2\/\">2024<\/a><div class=\"wp-block-latest-posts__post-excerpt\">In 2024 ging de Goekoopbeurs naar Gerjan Borneman, student Classical, Medivial and Early Modern Studies aan de Universiteit van Groningen voor zijn scriptieonderzoek &nbsp;\u2018Civil disobedience in Athens from the Archaic to Hellenistic period\u2019. Inmiddels is dit onderzoek in juli 2025 succesvol afgerond.<\/div><\/li>\n<li><a class=\"wp-block-latest-posts__post-title\" href=\"https:\/\/vvnia.nl\/wordpress\/2023-2\/\">2023<\/a><div class=\"wp-block-latest-posts__post-excerpt\">In 2023 is de Goekoopbeurs toegekend aan Remon Alvarez voor zijn onderzoek aan de Universiteit Utrecht getiteld: \u2018The performance of animal sacrifice in Greek sanctuaries during the Archaic and Classical periods\u2019 Verslag van zijn onderzoek is opgenomen in de Athena van 2026.<\/div><\/li>\n<li><a class=\"wp-block-latest-posts__post-title\" href=\"https:\/\/vvnia.nl\/wordpress\/2021-2\/\">2021<\/a><div class=\"wp-block-latest-posts__post-excerpt\">Wederom een moeilijk corona-jaar; desalniettemin konden de beurzen vanuit de VVNIA drie studenten\/promovendi ondersteunen. Korte ontwikkelingsbeurzen gingen naar Margriet ten Broecke (UvA\/VU) die aan een promotie-voorstel werkte \u2018plunging into the dramatic world\u2019, en Lexington Davis (VU) over \u2018Leda Papaconstantinou and the Spetses Players\u2019. Het stipendium werd toegekend aan Tamara Dijkstra (RUG) met een onderzoek &#8216;Two Hellenistic Houses in New Halos: an Archaeological Study of Domestic Architecture and Domestic Space\u2019.<\/div><\/li>\n<li><a class=\"wp-block-latest-posts__post-title\" href=\"https:\/\/vvnia.nl\/wordpress\/2020-2\/\">2020<\/a><div class=\"wp-block-latest-posts__post-excerpt\">In het moeilijke corona-jaar is de Goekoop-VVNIA beurs toegekend aan Ayla Krijnen (UvA) om de voltooiing van haar proefschrift mogelijk te maken.<\/div><\/li>\n<\/ul><\/div>\n<\/div>\n\n\n\n<p><\/p>\n\n\n\n<p><\/p>\n","protected":false},"excerpt":{"rendered":"<p>De beurs en de naam De VVNIA (Vereniging van Vrienden van het NIA) stelt jaarlijks \u00e9\u00e9n \u00e0 twee beurzen ter beschikking voor onderzoek op het gebied van de Griekse oudheid (archeologie, epigrafie, oude geschiedenis en filologie, of een combinatie van deze vakgebieden). De beurs biedt een gratis verblijf in een van de gastenkamers van het [&hellip;]<\/p>\n","protected":false},"author":1,"featured_media":0,"parent":0,"menu_order":0,"comment_status":"closed","ping_status":"closed","template":"","meta":{"footnotes":""},"class_list":["post-428","page","type-page","status-publish","hentry"],"yoast_head":"<!-- This site is optimized with the Yoast SEO plugin v27.3 - https:\/\/yoast.com\/product\/yoast-seo-wordpress\/ -->\n<title>VVNIA-Goekoopbeurs - Vrienden van het Nederlands Instituut te Athene<\/title>\n<meta name=\"robots\" content=\"index, follow, max-snippet:-1, max-image-preview:large, max-video-preview:-1\" \/>\n<link rel=\"canonical\" href=\"https:\/\/vvnia.nl\/wordpress\/vvnia-goekoopbeurs\/\" \/>\n<meta property=\"og:locale\" content=\"nl_NL\" \/>\n<meta property=\"og:type\" content=\"article\" \/>\n<meta property=\"og:title\" content=\"VVNIA-Goekoopbeurs - Vrienden van het Nederlands Instituut te Athene\" \/>\n<meta property=\"og:description\" content=\"De beurs en de naam De VVNIA (Vereniging van Vrienden van het NIA) stelt jaarlijks \u00e9\u00e9n \u00e0 twee beurzen ter beschikking voor onderzoek op het gebied van de Griekse oudheid (archeologie, epigrafie, oude geschiedenis en filologie, of een combinatie van deze vakgebieden). De beurs biedt een gratis verblijf in een van de gastenkamers van het [&hellip;]\" \/>\n<meta property=\"og:url\" content=\"https:\/\/vvnia.nl\/wordpress\/vvnia-goekoopbeurs\/\" \/>\n<meta property=\"og:site_name\" content=\"Vrienden van het Nederlands Instituut te Athene\" \/>\n<meta property=\"article:modified_time\" content=\"2026-03-04T14:09:01+00:00\" \/>\n<meta property=\"og:image\" content=\"https:\/\/vvnia.nl\/wordpress\/wp-content\/uploads\/2024\/10\/Goekoop_CH.jpg\" \/>\n\t<meta property=\"og:image:width\" content=\"964\" \/>\n\t<meta property=\"og:image:height\" content=\"1317\" \/>\n\t<meta property=\"og:image:type\" content=\"image\/jpeg\" \/>\n<meta name=\"twitter:card\" content=\"summary_large_image\" \/>\n<meta name=\"twitter:label1\" content=\"Geschatte leestijd\" \/>\n\t<meta name=\"twitter:data1\" content=\"3 minuten\" \/>\n<script type=\"application\/ld+json\" class=\"yoast-schema-graph\">{\"@context\":\"https:\\\/\\\/schema.org\",\"@graph\":[{\"@type\":\"WebPage\",\"@id\":\"https:\\\/\\\/vvnia.nl\\\/wordpress\\\/vvnia-goekoopbeurs\\\/\",\"url\":\"https:\\\/\\\/vvnia.nl\\\/wordpress\\\/vvnia-goekoopbeurs\\\/\",\"name\":\"VVNIA-Goekoopbeurs - Vrienden van het Nederlands Instituut te Athene\",\"isPartOf\":{\"@id\":\"https:\\\/\\\/vvnia.nl\\\/wordpress\\\/#website\"},\"primaryImageOfPage\":{\"@id\":\"https:\\\/\\\/vvnia.nl\\\/wordpress\\\/vvnia-goekoopbeurs\\\/#primaryimage\"},\"image\":{\"@id\":\"https:\\\/\\\/vvnia.nl\\\/wordpress\\\/vvnia-goekoopbeurs\\\/#primaryimage\"},\"thumbnailUrl\":\"https:\\\/\\\/vvnia.nl\\\/wordpress\\\/wp-content\\\/uploads\\\/2024\\\/10\\\/Goekoop_CH-750x1024.jpg\",\"datePublished\":\"2024-11-09T22:07:27+00:00\",\"dateModified\":\"2026-03-04T14:09:01+00:00\",\"breadcrumb\":{\"@id\":\"https:\\\/\\\/vvnia.nl\\\/wordpress\\\/vvnia-goekoopbeurs\\\/#breadcrumb\"},\"inLanguage\":\"nl-NL\",\"potentialAction\":[{\"@type\":\"ReadAction\",\"target\":[\"https:\\\/\\\/vvnia.nl\\\/wordpress\\\/vvnia-goekoopbeurs\\\/\"]}]},{\"@type\":\"ImageObject\",\"inLanguage\":\"nl-NL\",\"@id\":\"https:\\\/\\\/vvnia.nl\\\/wordpress\\\/vvnia-goekoopbeurs\\\/#primaryimage\",\"url\":\"https:\\\/\\\/vvnia.nl\\\/wordpress\\\/wp-content\\\/uploads\\\/2024\\\/10\\\/Goekoop_CH.jpg\",\"contentUrl\":\"https:\\\/\\\/vvnia.nl\\\/wordpress\\\/wp-content\\\/uploads\\\/2024\\\/10\\\/Goekoop_CH.jpg\",\"width\":964,\"height\":1317,\"caption\":\"Portretfoto van Cees Goekoop\"},{\"@type\":\"BreadcrumbList\",\"@id\":\"https:\\\/\\\/vvnia.nl\\\/wordpress\\\/vvnia-goekoopbeurs\\\/#breadcrumb\",\"itemListElement\":[{\"@type\":\"ListItem\",\"position\":1,\"name\":\"Home\",\"item\":\"https:\\\/\\\/vvnia.nl\\\/wordpress\\\/\"},{\"@type\":\"ListItem\",\"position\":2,\"name\":\"VVNIA-Goekoopbeurs\"}]},{\"@type\":\"WebSite\",\"@id\":\"https:\\\/\\\/vvnia.nl\\\/wordpress\\\/#website\",\"url\":\"https:\\\/\\\/vvnia.nl\\\/wordpress\\\/\",\"name\":\"Vrienden van het Nederlands Instituut te Athene\",\"description\":\"De VVNIA biedt een platform voor uitwisseling en informatie over onderzoek in Griekenland\",\"publisher\":{\"@id\":\"https:\\\/\\\/vvnia.nl\\\/wordpress\\\/#organization\"},\"potentialAction\":[{\"@type\":\"SearchAction\",\"target\":{\"@type\":\"EntryPoint\",\"urlTemplate\":\"https:\\\/\\\/vvnia.nl\\\/wordpress\\\/?s={search_term_string}\"},\"query-input\":{\"@type\":\"PropertyValueSpecification\",\"valueRequired\":true,\"valueName\":\"search_term_string\"}}],\"inLanguage\":\"nl-NL\"},{\"@type\":\"Organization\",\"@id\":\"https:\\\/\\\/vvnia.nl\\\/wordpress\\\/#organization\",\"name\":\"Vrienden van het Nederlands Instituut te Athene\",\"url\":\"https:\\\/\\\/vvnia.nl\\\/wordpress\\\/\",\"logo\":{\"@type\":\"ImageObject\",\"inLanguage\":\"nl-NL\",\"@id\":\"https:\\\/\\\/vvnia.nl\\\/wordpress\\\/#\\\/schema\\\/logo\\\/image\\\/\",\"url\":\"https:\\\/\\\/vvnia.nl\\\/wordpress\\\/wp-content\\\/uploads\\\/2024\\\/10\\\/Athena-transparant.png\",\"contentUrl\":\"https:\\\/\\\/vvnia.nl\\\/wordpress\\\/wp-content\\\/uploads\\\/2024\\\/10\\\/Athena-transparant.png\",\"width\":157,\"height\":140,\"caption\":\"Vrienden van het Nederlands Instituut te Athene\"},\"image\":{\"@id\":\"https:\\\/\\\/vvnia.nl\\\/wordpress\\\/#\\\/schema\\\/logo\\\/image\\\/\"}}]}<\/script>\n<!-- \/ Yoast SEO plugin. -->","yoast_head_json":{"title":"VVNIA-Goekoopbeurs - Vrienden van het Nederlands Instituut te Athene","robots":{"index":"index","follow":"follow","max-snippet":"max-snippet:-1","max-image-preview":"max-image-preview:large","max-video-preview":"max-video-preview:-1"},"canonical":"https:\/\/vvnia.nl\/wordpress\/vvnia-goekoopbeurs\/","og_locale":"nl_NL","og_type":"article","og_title":"VVNIA-Goekoopbeurs - Vrienden van het Nederlands Instituut te Athene","og_description":"De beurs en de naam De VVNIA (Vereniging van Vrienden van het NIA) stelt jaarlijks \u00e9\u00e9n \u00e0 twee beurzen ter beschikking voor onderzoek op het gebied van de Griekse oudheid (archeologie, epigrafie, oude geschiedenis en filologie, of een combinatie van deze vakgebieden). De beurs biedt een gratis verblijf in een van de gastenkamers van het [&hellip;]","og_url":"https:\/\/vvnia.nl\/wordpress\/vvnia-goekoopbeurs\/","og_site_name":"Vrienden van het Nederlands Instituut te Athene","article_modified_time":"2026-03-04T14:09:01+00:00","og_image":[{"width":964,"height":1317,"url":"https:\/\/vvnia.nl\/wordpress\/wp-content\/uploads\/2024\/10\/Goekoop_CH.jpg","type":"image\/jpeg"}],"twitter_card":"summary_large_image","twitter_misc":{"Geschatte leestijd":"3 minuten"},"schema":{"@context":"https:\/\/schema.org","@graph":[{"@type":"WebPage","@id":"https:\/\/vvnia.nl\/wordpress\/vvnia-goekoopbeurs\/","url":"https:\/\/vvnia.nl\/wordpress\/vvnia-goekoopbeurs\/","name":"VVNIA-Goekoopbeurs - Vrienden van het Nederlands Instituut te Athene","isPartOf":{"@id":"https:\/\/vvnia.nl\/wordpress\/#website"},"primaryImageOfPage":{"@id":"https:\/\/vvnia.nl\/wordpress\/vvnia-goekoopbeurs\/#primaryimage"},"image":{"@id":"https:\/\/vvnia.nl\/wordpress\/vvnia-goekoopbeurs\/#primaryimage"},"thumbnailUrl":"https:\/\/vvnia.nl\/wordpress\/wp-content\/uploads\/2024\/10\/Goekoop_CH-750x1024.jpg","datePublished":"2024-11-09T22:07:27+00:00","dateModified":"2026-03-04T14:09:01+00:00","breadcrumb":{"@id":"https:\/\/vvnia.nl\/wordpress\/vvnia-goekoopbeurs\/#breadcrumb"},"inLanguage":"nl-NL","potentialAction":[{"@type":"ReadAction","target":["https:\/\/vvnia.nl\/wordpress\/vvnia-goekoopbeurs\/"]}]},{"@type":"ImageObject","inLanguage":"nl-NL","@id":"https:\/\/vvnia.nl\/wordpress\/vvnia-goekoopbeurs\/#primaryimage","url":"https:\/\/vvnia.nl\/wordpress\/wp-content\/uploads\/2024\/10\/Goekoop_CH.jpg","contentUrl":"https:\/\/vvnia.nl\/wordpress\/wp-content\/uploads\/2024\/10\/Goekoop_CH.jpg","width":964,"height":1317,"caption":"Portretfoto van Cees Goekoop"},{"@type":"BreadcrumbList","@id":"https:\/\/vvnia.nl\/wordpress\/vvnia-goekoopbeurs\/#breadcrumb","itemListElement":[{"@type":"ListItem","position":1,"name":"Home","item":"https:\/\/vvnia.nl\/wordpress\/"},{"@type":"ListItem","position":2,"name":"VVNIA-Goekoopbeurs"}]},{"@type":"WebSite","@id":"https:\/\/vvnia.nl\/wordpress\/#website","url":"https:\/\/vvnia.nl\/wordpress\/","name":"Vrienden van het Nederlands Instituut te Athene","description":"De VVNIA biedt een platform voor uitwisseling en informatie over onderzoek in Griekenland","publisher":{"@id":"https:\/\/vvnia.nl\/wordpress\/#organization"},"potentialAction":[{"@type":"SearchAction","target":{"@type":"EntryPoint","urlTemplate":"https:\/\/vvnia.nl\/wordpress\/?s={search_term_string}"},"query-input":{"@type":"PropertyValueSpecification","valueRequired":true,"valueName":"search_term_string"}}],"inLanguage":"nl-NL"},{"@type":"Organization","@id":"https:\/\/vvnia.nl\/wordpress\/#organization","name":"Vrienden van het Nederlands Instituut te Athene","url":"https:\/\/vvnia.nl\/wordpress\/","logo":{"@type":"ImageObject","inLanguage":"nl-NL","@id":"https:\/\/vvnia.nl\/wordpress\/#\/schema\/logo\/image\/","url":"https:\/\/vvnia.nl\/wordpress\/wp-content\/uploads\/2024\/10\/Athena-transparant.png","contentUrl":"https:\/\/vvnia.nl\/wordpress\/wp-content\/uploads\/2024\/10\/Athena-transparant.png","width":157,"height":140,"caption":"Vrienden van het Nederlands Instituut te Athene"},"image":{"@id":"https:\/\/vvnia.nl\/wordpress\/#\/schema\/logo\/image\/"}}]}},"jetpack_sharing_enabled":true,"_links":{"self":[{"href":"https:\/\/vvnia.nl\/wordpress\/wp-json\/wp\/v2\/pages\/428","targetHints":{"allow":["GET"]}}],"collection":[{"href":"https:\/\/vvnia.nl\/wordpress\/wp-json\/wp\/v2\/pages"}],"about":[{"href":"https:\/\/vvnia.nl\/wordpress\/wp-json\/wp\/v2\/types\/page"}],"author":[{"embeddable":true,"href":"https:\/\/vvnia.nl\/wordpress\/wp-json\/wp\/v2\/users\/1"}],"replies":[{"embeddable":true,"href":"https:\/\/vvnia.nl\/wordpress\/wp-json\/wp\/v2\/comments?post=428"}],"version-history":[{"count":16,"href":"https:\/\/vvnia.nl\/wordpress\/wp-json\/wp\/v2\/pages\/428\/revisions"}],"predecessor-version":[{"id":764,"href":"https:\/\/vvnia.nl\/wordpress\/wp-json\/wp\/v2\/pages\/428\/revisions\/764"}],"wp:attachment":[{"href":"https:\/\/vvnia.nl\/wordpress\/wp-json\/wp\/v2\/media?parent=428"}],"curies":[{"name":"wp","href":"https:\/\/api.w.org\/{rel}","templated":true}]}}