{"id":11,"date":"2024-10-09T09:26:13","date_gmt":"2024-10-09T09:26:13","guid":{"rendered":"https:\/\/vvnia.nl\/wordpress\/?page_id=11"},"modified":"2024-10-27T07:58:08","modified_gmt":"2024-10-27T06:58:08","slug":"lezingen","status":"publish","type":"page","link":"https:\/\/vvnia.nl\/wordpress\/lezingen\/","title":{"rendered":"Lezingen"},"content":{"rendered":"\n<p style=\"margin-top:var(--wp--preset--spacing--20);margin-bottom:var(--wp--preset--spacing--20)\">Op de VVNIA-dag, en soms ook op de ALV, belichten lezingen veldwerk dat in Griekenland wordt verricht of onderzoek dat met hulp van het NIA plaatsvindt. Hieronder vindt u samenvattingen van gehouden lezingen.<\/p>\n\n\n\n<p><\/p>\n\n\n<ul class=\"wp-block-latest-posts__list wp-block-latest-posts\"><li><a class=\"wp-block-latest-posts__post-title\" href=\"https:\/\/vvnia.nl\/wordpress\/summary-van-de-lezing-op-19-april-2025\/\">19 april 2025: Robin van der Linden<\/a><div class=\"wp-block-latest-posts__post-excerpt\">Grieks reenactment. Toetreden tot het verleden\u2019 Van herbeleving van historische veldslagen tot de recreatie van het dagelijks leven gedurende de Griekse oudheid. Grieks reenactment neemt steeds meer in belangstelling toe. Een van de meest spraakmakende recente initiatieven op dit gebied was de grootschalige reconstructie van de Slag bij Plataea in 2022, ter herdenking van de\u2026 <a class=\"wp-block-latest-posts__read-more\" href=\"https:\/\/vvnia.nl\/wordpress\/summary-van-de-lezing-op-19-april-2025\/\" rel=\"noopener noreferrer\">Lees meer<span class=\"screen-reader-text\">: 19 april 2025: Robin van der Linden<\/span><\/a><\/div><\/li>\n<li><a class=\"wp-block-latest-posts__post-title\" href=\"https:\/\/vvnia.nl\/wordpress\/de-lezing-op-2-april-2022\/\">2 april 2022, Janric van Rookhuijzen<\/a><div class=\"wp-block-latest-posts__post-excerpt\">\u2018Wilhelm D\u00f6rpfeld en de Perzische verwoesting van de Akropolis\u2019\u00a0. Wilhelm D\u00f6rpfeld (1853-1940) werd tijdens zijn leven, en wordt ook nu nog, beschouwd als \u00e9\u00e9n van de grootste klassieke archeologen aller tijden. Zijn bijdrage aan het huidige begrip van de Akropolis van Athene bestaat hoofdzakelijk uit drie theorie\u00ebn over architectuur en voorwerpen die in 480 v.\u2026 <a class=\"wp-block-latest-posts__read-more\" href=\"https:\/\/vvnia.nl\/wordpress\/de-lezing-op-2-april-2022\/\" rel=\"noopener noreferrer\">Lees meer<span class=\"screen-reader-text\">: 2 april 2022, Janric van Rookhuijzen<\/span><\/a><\/div><\/li>\n<li><a class=\"wp-block-latest-posts__post-title\" href=\"https:\/\/vvnia.nl\/wordpress\/de-lezing-op-23-maart-2019\/\">23 maart 2019, Floris van den Eijnde<\/a><div class=\"wp-block-latest-posts__post-excerpt\">\u2018Fortified Thorikos? The excavations of 2018\u2019&nbsp;. The 2018 campaign of the Thorikos Fieldwork Project (TFP) focused on the study of a large wall constructed of roughly hewn local stones. It was hypothesised beforehand that this wall formed part of a larger fortification around the ancient town of Thorikos in Southern Attica. While fortification works are\u2026 <a class=\"wp-block-latest-posts__read-more\" href=\"https:\/\/vvnia.nl\/wordpress\/de-lezing-op-23-maart-2019\/\" rel=\"noopener noreferrer\">Lees meer<span class=\"screen-reader-text\">: 23 maart 2019, Floris van den Eijnde<\/span><\/a><\/div><\/li>\n<li><a class=\"wp-block-latest-posts__post-title\" href=\"https:\/\/vvnia.nl\/wordpress\/23-maart-2019-tatiana-markaki\/\">23 maart 2019, Tatiana Markaki<\/a><div class=\"wp-block-latest-posts__post-excerpt\">&#8216;\u2018Rethinking Modern Greece\u2019: verleden, heden en toekomst van Nieuwgriekse studies in Nederland&#8217;. Nieuwgriekse studies in Nederland kennen een rijke traditie waarin de banden met klassiek Grieks, afwisselend, sterk of minder sterk zijn geweest. In deze presentatie komt de geschiedenis van Nieuwgriekse studies in Nederland aan bod en zullen daarbij de volgende vragen worden gesteld: Wat\u2026 <a class=\"wp-block-latest-posts__read-more\" href=\"https:\/\/vvnia.nl\/wordpress\/23-maart-2019-tatiana-markaki\/\" rel=\"noopener noreferrer\">Lees meer<span class=\"screen-reader-text\">: 23 maart 2019, Tatiana Markaki<\/span><\/a><\/div><\/li>\n<li><a class=\"wp-block-latest-posts__post-title\" href=\"https:\/\/vvnia.nl\/wordpress\/18-november-2017-jan-paul-crielaard\/\">18 november 2017, Jan Paul Crielaard<\/a><div class=\"wp-block-latest-posts__post-excerpt\">&#8216;Karystos-Plakari: recente opgravingen in een vroeg Grieks heiligdom&#8217;\u00a0. Sinds 2010 doen archeologen van de Vrije Universiteit Amsterdam samen met collega\u2019s van de Griekse archeologische dienst opgravingen en surveys in de omgeving van Karystos op het zuidelijkste deel van het eiland Euboia. Prof. Jan Paul Crielaard, die het project leidt, zal in zijn lezing vooral ingaan\u2026 <a class=\"wp-block-latest-posts__read-more\" href=\"https:\/\/vvnia.nl\/wordpress\/18-november-2017-jan-paul-crielaard\/\" rel=\"noopener noreferrer\">Lees meer<span class=\"screen-reader-text\">: 18 november 2017, Jan Paul Crielaard<\/span><\/a><\/div><\/li>\n<li><a class=\"wp-block-latest-posts__post-title\" href=\"https:\/\/vvnia.nl\/wordpress\/19-november-2016-elon-heymans\/\">19 november 2016, Elon Heymans<\/a><div class=\"wp-block-latest-posts__post-excerpt\">&#8216;De Eretria-schat en de vroege geschiedenis van geld in het oostelijk Mediterrane gebied&#8217;. In 1980 treffen Griekse archeologen in Eretria een pot aan uit de late 8e eeuw v.Chr. (Laat Geometrisch), gevuld met stukken goud. De verantwoordelijke archeoloog interpreteert de schat als de voorraad van een goudsmid. Echter, in recente jaren wordt de schat voorzichtig\u2026 <a class=\"wp-block-latest-posts__read-more\" href=\"https:\/\/vvnia.nl\/wordpress\/19-november-2016-elon-heymans\/\" rel=\"noopener noreferrer\">Lees meer<span class=\"screen-reader-text\">: 19 november 2016, Elon Heymans<\/span><\/a><\/div><\/li>\n<li><a class=\"wp-block-latest-posts__post-title\" href=\"https:\/\/vvnia.nl\/wordpress\/19-november-2016-corien-wiersma\/\">19 november 2016, Corien Wiersma<\/a><div class=\"wp-block-latest-posts__post-excerpt\">&#8216;Ayios Vasilios: een survey van de paleisnederzetting&#8217;\u00a0. Ayios Vasilios ligt in de Griekse regio Laconi\u00eb, ca. 10 km zuidelijk van Sparta. De afgelopen jaren hebben opgravingen hier de resten blootgelegd van een Mykeens paleis. In oktober 2015 is begonnen met een intensieve en systematische survey van de nederzetting. Deze survey richt zich eerst op de\u2026 <a class=\"wp-block-latest-posts__read-more\" href=\"https:\/\/vvnia.nl\/wordpress\/19-november-2016-corien-wiersma\/\" rel=\"noopener noreferrer\">Lees meer<span class=\"screen-reader-text\">: 19 november 2016, Corien Wiersma<\/span><\/a><\/div><\/li>\n<li><a class=\"wp-block-latest-posts__post-title\" href=\"https:\/\/vvnia.nl\/wordpress\/19-november-2016-vladimir-stissi\/\">19 november 2016, Vladimir Stissi<\/a><div class=\"wp-block-latest-posts__post-excerpt\">&#8216;Het onmogelijke mogelijk? Halos (Thessali\u00eb) als potentieel meerkernige polis&#8217;\u00a0. Volgens de traditionele, door historici bepaalde maatstaven heeft een Griekse stadstaat, de welbekende polis, altijd maar \u00e9\u00e9n hoofdplaats, die als centrale kern van de gemeenschap fungeert en het grootste deel van de bevolking huisvest. Recente opgravingen en surveys van de RUG en de UvA, in samenwerking\u2026 <a class=\"wp-block-latest-posts__read-more\" href=\"https:\/\/vvnia.nl\/wordpress\/19-november-2016-vladimir-stissi\/\" rel=\"noopener noreferrer\">Lees meer<span class=\"screen-reader-text\">: 19 november 2016, Vladimir Stissi<\/span><\/a><\/div><\/li>\n<li><a class=\"wp-block-latest-posts__post-title\" href=\"https:\/\/vvnia.nl\/wordpress\/30-november-2013-joan-van-geel\/\">30 november 2013, Joan van Geel<\/a><div class=\"wp-block-latest-posts__post-excerpt\">&#8216;Griekenland als &#8220;entree-poort&#8221; tot Europa: Afrikaanse migranten in Athene&#8217;\u00a0. Een verslag van het vijf maanden durende onderzoek dat zij mede dankzij de steun van de VVNIA heeft kunnen verrichten. Tijdens een 5 maanden durende veldwerkperiode in Kyps\u00e9li en K\u00e1to Pat\u00edssia, twee gesegregeerde wijken in Athene, deed ik onderzoek naar het leven van Afrikaanse migranten in\u2026 <a class=\"wp-block-latest-posts__read-more\" href=\"https:\/\/vvnia.nl\/wordpress\/30-november-2013-joan-van-geel\/\" rel=\"noopener noreferrer\">Lees meer<span class=\"screen-reader-text\">: 30 november 2013, Joan van Geel<\/span><\/a><\/div><\/li>\n<li><a class=\"wp-block-latest-posts__post-title\" href=\"https:\/\/vvnia.nl\/wordpress\/2012-winfred-van-de-put\/\">2012, Winfred van de Put<\/a><div class=\"wp-block-latest-posts__post-excerpt\">&#8216;Vorm, beeld en identiteit&#8217;\u00a0. Op de jaarvergadering van de Vereniging van Vrienden van het NIA heb ik een lezing gehouden over mijn doctoraalonderzoek, dat ik dankzij de beurs van de vrienden af heb kunnen maken in de zomer van 2011 (ik ben er 20 januari 2012 in Gent op gepromoveerd). Onder de titel &#8216;Shape, Image\u2026 <a class=\"wp-block-latest-posts__read-more\" href=\"https:\/\/vvnia.nl\/wordpress\/2012-winfred-van-de-put\/\" rel=\"noopener noreferrer\">Lees meer<span class=\"screen-reader-text\">: 2012, Winfred van de Put<\/span><\/a><\/div><\/li>\n<\/ul>\n\n\n<hr class=\"wp-block-separator has-alpha-channel-opacity\"\/>\n\n\n\n<p><\/p>\n","protected":false},"excerpt":{"rendered":"<p>Op de VVNIA-dag, en soms ook op de ALV, belichten lezingen veldwerk dat in Griekenland wordt verricht of onderzoek dat met hulp van het NIA plaatsvindt. Hieronder vindt u samenvattingen van gehouden lezingen.<\/p>\n","protected":false},"author":1,"featured_media":0,"parent":0,"menu_order":0,"comment_status":"closed","ping_status":"closed","template":"","meta":{"footnotes":""},"class_list":["post-11","page","type-page","status-publish","hentry"],"yoast_head":"<!-- This site is optimized with the Yoast SEO plugin v27.3 - https:\/\/yoast.com\/product\/yoast-seo-wordpress\/ -->\n<title>Lezingen - Vrienden van het Nederlands Instituut te Athene<\/title>\n<meta name=\"description\" content=\"Hier vindt u in het kort de inhoud van de lezingen die tijdens de VVNIA dag zijn gehouden.\" \/>\n<meta name=\"robots\" content=\"index, follow, max-snippet:-1, max-image-preview:large, max-video-preview:-1\" \/>\n<link rel=\"canonical\" href=\"https:\/\/vvnia.nl\/wordpress\/lezingen\/\" \/>\n<meta property=\"og:locale\" content=\"nl_NL\" \/>\n<meta property=\"og:type\" content=\"article\" \/>\n<meta property=\"og:title\" content=\"Lezingen - Vrienden van het Nederlands Instituut te Athene\" \/>\n<meta property=\"og:description\" content=\"Hier vindt u in het kort de inhoud van de lezingen die tijdens de VVNIA dag zijn gehouden.\" \/>\n<meta property=\"og:url\" content=\"https:\/\/vvnia.nl\/wordpress\/lezingen\/\" \/>\n<meta property=\"og:site_name\" content=\"Vrienden van het Nederlands Instituut te Athene\" \/>\n<meta property=\"article:modified_time\" content=\"2024-10-27T06:58:08+00:00\" \/>\n<meta name=\"twitter:card\" content=\"summary_large_image\" \/>\n<meta name=\"twitter:label1\" content=\"Geschatte leestijd\" \/>\n\t<meta name=\"twitter:data1\" content=\"1 minuut\" \/>\n<script type=\"application\/ld+json\" class=\"yoast-schema-graph\">{\"@context\":\"https:\\\/\\\/schema.org\",\"@graph\":[{\"@type\":\"WebPage\",\"@id\":\"https:\\\/\\\/vvnia.nl\\\/wordpress\\\/lezingen\\\/\",\"url\":\"https:\\\/\\\/vvnia.nl\\\/wordpress\\\/lezingen\\\/\",\"name\":\"Lezingen - Vrienden van het Nederlands Instituut te Athene\",\"isPartOf\":{\"@id\":\"https:\\\/\\\/vvnia.nl\\\/wordpress\\\/#website\"},\"datePublished\":\"2024-10-09T09:26:13+00:00\",\"dateModified\":\"2024-10-27T06:58:08+00:00\",\"description\":\"Hier vindt u in het kort de inhoud van de lezingen die tijdens de VVNIA dag zijn gehouden.\",\"breadcrumb\":{\"@id\":\"https:\\\/\\\/vvnia.nl\\\/wordpress\\\/lezingen\\\/#breadcrumb\"},\"inLanguage\":\"nl-NL\",\"potentialAction\":[{\"@type\":\"ReadAction\",\"target\":[\"https:\\\/\\\/vvnia.nl\\\/wordpress\\\/lezingen\\\/\"]}]},{\"@type\":\"BreadcrumbList\",\"@id\":\"https:\\\/\\\/vvnia.nl\\\/wordpress\\\/lezingen\\\/#breadcrumb\",\"itemListElement\":[{\"@type\":\"ListItem\",\"position\":1,\"name\":\"Home\",\"item\":\"https:\\\/\\\/vvnia.nl\\\/wordpress\\\/\"},{\"@type\":\"ListItem\",\"position\":2,\"name\":\"Lezingen\"}]},{\"@type\":\"WebSite\",\"@id\":\"https:\\\/\\\/vvnia.nl\\\/wordpress\\\/#website\",\"url\":\"https:\\\/\\\/vvnia.nl\\\/wordpress\\\/\",\"name\":\"Vrienden van het Nederlands Instituut te Athene\",\"description\":\"De VVNIA biedt een platform voor uitwisseling en informatie over onderzoek in Griekenland\",\"publisher\":{\"@id\":\"https:\\\/\\\/vvnia.nl\\\/wordpress\\\/#organization\"},\"potentialAction\":[{\"@type\":\"SearchAction\",\"target\":{\"@type\":\"EntryPoint\",\"urlTemplate\":\"https:\\\/\\\/vvnia.nl\\\/wordpress\\\/?s={search_term_string}\"},\"query-input\":{\"@type\":\"PropertyValueSpecification\",\"valueRequired\":true,\"valueName\":\"search_term_string\"}}],\"inLanguage\":\"nl-NL\"},{\"@type\":\"Organization\",\"@id\":\"https:\\\/\\\/vvnia.nl\\\/wordpress\\\/#organization\",\"name\":\"Vrienden van het Nederlands Instituut te Athene\",\"url\":\"https:\\\/\\\/vvnia.nl\\\/wordpress\\\/\",\"logo\":{\"@type\":\"ImageObject\",\"inLanguage\":\"nl-NL\",\"@id\":\"https:\\\/\\\/vvnia.nl\\\/wordpress\\\/#\\\/schema\\\/logo\\\/image\\\/\",\"url\":\"https:\\\/\\\/vvnia.nl\\\/wordpress\\\/wp-content\\\/uploads\\\/2024\\\/10\\\/Athena-transparant.png\",\"contentUrl\":\"https:\\\/\\\/vvnia.nl\\\/wordpress\\\/wp-content\\\/uploads\\\/2024\\\/10\\\/Athena-transparant.png\",\"width\":157,\"height\":140,\"caption\":\"Vrienden van het Nederlands Instituut te Athene\"},\"image\":{\"@id\":\"https:\\\/\\\/vvnia.nl\\\/wordpress\\\/#\\\/schema\\\/logo\\\/image\\\/\"}}]}<\/script>\n<!-- \/ Yoast SEO plugin. -->","yoast_head_json":{"title":"Lezingen - Vrienden van het Nederlands Instituut te Athene","description":"Hier vindt u in het kort de inhoud van de lezingen die tijdens de VVNIA dag zijn gehouden.","robots":{"index":"index","follow":"follow","max-snippet":"max-snippet:-1","max-image-preview":"max-image-preview:large","max-video-preview":"max-video-preview:-1"},"canonical":"https:\/\/vvnia.nl\/wordpress\/lezingen\/","og_locale":"nl_NL","og_type":"article","og_title":"Lezingen - Vrienden van het Nederlands Instituut te Athene","og_description":"Hier vindt u in het kort de inhoud van de lezingen die tijdens de VVNIA dag zijn gehouden.","og_url":"https:\/\/vvnia.nl\/wordpress\/lezingen\/","og_site_name":"Vrienden van het Nederlands Instituut te Athene","article_modified_time":"2024-10-27T06:58:08+00:00","twitter_card":"summary_large_image","twitter_misc":{"Geschatte leestijd":"1 minuut"},"schema":{"@context":"https:\/\/schema.org","@graph":[{"@type":"WebPage","@id":"https:\/\/vvnia.nl\/wordpress\/lezingen\/","url":"https:\/\/vvnia.nl\/wordpress\/lezingen\/","name":"Lezingen - Vrienden van het Nederlands Instituut te Athene","isPartOf":{"@id":"https:\/\/vvnia.nl\/wordpress\/#website"},"datePublished":"2024-10-09T09:26:13+00:00","dateModified":"2024-10-27T06:58:08+00:00","description":"Hier vindt u in het kort de inhoud van de lezingen die tijdens de VVNIA dag zijn gehouden.","breadcrumb":{"@id":"https:\/\/vvnia.nl\/wordpress\/lezingen\/#breadcrumb"},"inLanguage":"nl-NL","potentialAction":[{"@type":"ReadAction","target":["https:\/\/vvnia.nl\/wordpress\/lezingen\/"]}]},{"@type":"BreadcrumbList","@id":"https:\/\/vvnia.nl\/wordpress\/lezingen\/#breadcrumb","itemListElement":[{"@type":"ListItem","position":1,"name":"Home","item":"https:\/\/vvnia.nl\/wordpress\/"},{"@type":"ListItem","position":2,"name":"Lezingen"}]},{"@type":"WebSite","@id":"https:\/\/vvnia.nl\/wordpress\/#website","url":"https:\/\/vvnia.nl\/wordpress\/","name":"Vrienden van het Nederlands Instituut te Athene","description":"De VVNIA biedt een platform voor uitwisseling en informatie over onderzoek in Griekenland","publisher":{"@id":"https:\/\/vvnia.nl\/wordpress\/#organization"},"potentialAction":[{"@type":"SearchAction","target":{"@type":"EntryPoint","urlTemplate":"https:\/\/vvnia.nl\/wordpress\/?s={search_term_string}"},"query-input":{"@type":"PropertyValueSpecification","valueRequired":true,"valueName":"search_term_string"}}],"inLanguage":"nl-NL"},{"@type":"Organization","@id":"https:\/\/vvnia.nl\/wordpress\/#organization","name":"Vrienden van het Nederlands Instituut te Athene","url":"https:\/\/vvnia.nl\/wordpress\/","logo":{"@type":"ImageObject","inLanguage":"nl-NL","@id":"https:\/\/vvnia.nl\/wordpress\/#\/schema\/logo\/image\/","url":"https:\/\/vvnia.nl\/wordpress\/wp-content\/uploads\/2024\/10\/Athena-transparant.png","contentUrl":"https:\/\/vvnia.nl\/wordpress\/wp-content\/uploads\/2024\/10\/Athena-transparant.png","width":157,"height":140,"caption":"Vrienden van het Nederlands Instituut te Athene"},"image":{"@id":"https:\/\/vvnia.nl\/wordpress\/#\/schema\/logo\/image\/"}}]}},"jetpack_sharing_enabled":true,"_links":{"self":[{"href":"https:\/\/vvnia.nl\/wordpress\/wp-json\/wp\/v2\/pages\/11","targetHints":{"allow":["GET"]}}],"collection":[{"href":"https:\/\/vvnia.nl\/wordpress\/wp-json\/wp\/v2\/pages"}],"about":[{"href":"https:\/\/vvnia.nl\/wordpress\/wp-json\/wp\/v2\/types\/page"}],"author":[{"embeddable":true,"href":"https:\/\/vvnia.nl\/wordpress\/wp-json\/wp\/v2\/users\/1"}],"replies":[{"embeddable":true,"href":"https:\/\/vvnia.nl\/wordpress\/wp-json\/wp\/v2\/comments?post=11"}],"version-history":[{"count":6,"href":"https:\/\/vvnia.nl\/wordpress\/wp-json\/wp\/v2\/pages\/11\/revisions"}],"predecessor-version":[{"id":334,"href":"https:\/\/vvnia.nl\/wordpress\/wp-json\/wp\/v2\/pages\/11\/revisions\/334"}],"wp:attachment":[{"href":"https:\/\/vvnia.nl\/wordpress\/wp-json\/wp\/v2\/media?parent=11"}],"curies":[{"name":"wp","href":"https:\/\/api.w.org\/{rel}","templated":true}]}}